 {"id":761,"date":"2019-04-23T12:18:22","date_gmt":"2019-04-23T12:18:22","guid":{"rendered":"https:\/\/valinor.no\/?page_id=761"},"modified":"2022-03-26T16:37:25","modified_gmt":"2022-03-26T16:37:25","slug":"what-we-do","status":"publish","type":"page","link":"https:\/\/valinor.no\/en\/what-we-do\/","title":{"rendered":"What we do"},"content":{"rendered":"<div class=\"wpb-content-wrapper\"><p>[vc_row content_placement=&#8221;middle&#8221; el_class=&#8221;what-we-do-first&#8221;][vc_column][vc_row_inner el_class=&#8221;container mx-auto&#8221;][vc_column_inner width=&#8221;7\/12&#8243;][vc_column_text css=&#8221;.vc_custom_1558949824803{margin-bottom: 45px !important;}&#8221;]<\/p>\n<h1>Creating a sustainable legacy<\/h1>\n<p>[\/vc_column_text][vc_column_text css=&#8221;.vc_custom_1648312643349{margin-bottom: 50px !important;}&#8221;]Valinor makes early-stage investments in cutting-edge companies to enable solutions for tomorrow. With a focused and long-term portfolio within renewable energy, infrastructure and aquaculture new synergies are created which accelerate the development for a sustainable future. Together we cheer on competitive solutions and help each other across sectors in adversity and prosperity. Valinor rolls up its sleeves. Innovative solutions must be scaled to achieve a real impact on people and planet.<\/p>\n<p>Valinor creates a sustainable legacy by reinvesting 90 percent of our returns in renewable energy, infrastructure, and aquaculture \u2014 for a better future.[\/vc_column_text][vc_btn title=&#8221;Portfolio&#8221; color=&#8221;vista-blue&#8221; link=&#8221;url:https%3A%2F%2Fvalinor.no%2Fen%2Fportfolio%2F%3Flang%3Den|&#8221;][vc_btn title=&#8221;About us&#8221; color=&#8221;vista-blue&#8221; link=&#8221;url:https%3A%2F%2Fvalinor.no%2Fabout-us%2F|title:About%20us|&#8221;][\/vc_column_inner][vc_column_inner width=&#8221;5\/12&#8243;][vc_single_image image=&#8221;720&#8243; img_size=&#8221;full&#8221; alignment=&#8221;right&#8221;][\/vc_column_inner][\/vc_row_inner][\/vc_column][\/vc_row][vc_row el_class=&#8221;what-we-do-second&#8221; css=&#8221;.vc_custom_1557229003134{background-color: #f3f4f5 !important;}&#8221;][vc_column][vc_row_inner el_class=&#8221;container mx-auto&#8221;][vc_column_inner width=&#8221;1\/2&#8243; offset=&#8221;vc_hidden-xs&#8221;][vc_single_image image=&#8221;752&#8243; img_size=&#8221;full&#8221; el_class=&#8221;fokusert-kap-image&#8221;][\/vc_column_inner][vc_column_inner width=&#8221;1\/2&#8243; offset=&#8221;vc_hidden-xs&#8221;][vc_column_text css=&#8221;.vc_custom_1559310070996{margin-bottom: 45px !important;}&#8221;]<\/p>\n<h1>Innovation needs focused capital<\/h1>\n<p>[\/vc_column_text][vc_column_text css=&#8221;.vc_custom_1559818589365{margin-bottom: 45px !important;}&#8221;]We work with others to promote innovative and competitive solutions for a sustainable future.[\/vc_column_text][vc_btn title=&#8221;Achieve great things together with us&#8221; color=&#8221;vista-blue&#8221; link=&#8221;url:https%3A%2F%2Fvalinor.no%2Fen%2Fcontact%2F%3Flang%3Den|&#8221;][\/vc_column_inner][\/vc_row_inner][vc_row_inner el_class=&#8221;container mx-auto&#8221;][vc_column_inner width=&#8221;1\/2&#8243; offset=&#8221;vc_hidden-lg vc_hidden-md vc_hidden-sm&#8221;][vc_column_text css=&#8221;.vc_custom_1559310070996{margin-bottom: 45px !important;}&#8221;]<\/p>\n<h1>Innovation needs focused capital<\/h1>\n<p>[\/vc_column_text][vc_column_text css=&#8221;.vc_custom_1559818589365{margin-bottom: 45px !important;}&#8221;]We work with others to promote innovative and competitive solutions for a sustainable future.[\/vc_column_text][vc_btn title=&#8221;Achieve great things together with us&#8221; color=&#8221;vista-blue&#8221; link=&#8221;url:https%3A%2F%2Fvalinor.no%2Fen%2Fcontact%2F%3Flang%3Den|&#8221;][\/vc_column_inner][vc_column_inner width=&#8221;1\/2&#8243; offset=&#8221;vc_hidden-lg vc_hidden-md vc_hidden-sm&#8221;][vc_single_image image=&#8221;752&#8243; img_size=&#8221;full&#8221; el_class=&#8221;fokusert-kap-image-mobile&#8221;][\/vc_column_inner][\/vc_row_inner][\/vc_column][\/vc_row][vc_row el_class=&#8221;what-we-do-third white-text&#8221; css=&#8221;.vc_custom_1558610319113{background-color: #142236 !important;}&#8221;][vc_column][vc_row_inner el_class=&#8221;container mx-auto&#8221;][vc_column_inner el_class=&#8221;white-text&#8221; width=&#8221;1\/2&#8243;][vc_column_text]<\/p>\n<h1>Our investment philosophy<\/h1>\n<p>[\/vc_column_text][\/vc_column_inner][vc_column_inner width=&#8221;1\/2&#8243;][vc_single_image image=&#8221;683&#8243; img_size=&#8221;full&#8221; alignment=&#8221;right&#8221;][\/vc_column_inner][\/vc_row_inner][\/vc_column][\/vc_row][vc_row content_placement=&#8221;middle&#8221; css=&#8221;.vc_custom_1558616626687{background-color: #142236 !important;}&#8221;][vc_column][vc_row_inner el_class=&#8221;container mx-auto&#8221;][vc_column_inner width=&#8221;1\/2&#8243;][vc_single_image image=&#8221;652&#8243; img_size=&#8221;full&#8221; alignment=&#8221;right&#8221; css=&#8221;.vc_custom_1558610770087{margin-bottom: 3px !important;}&#8221;][\/vc_column_inner][vc_column_inner el_class=&#8221;white-text&#8221; width=&#8221;1\/2&#8243;][vc_column_text]<span style=\"font-weight: 400;\">The future consequences of climate change are uncertain, but the trends are clear and this means that we must act now. This requires investments that take people and our planet into account, while energy demands are met in an efficient manner.<\/span><\/p>\n<p><span style=\"font-weight: 400;\">To meet the current and future challenges of climate change, we need a huge volume of renewable energy production. In Europe alone, two thirds of electricity production comes from non-renewable sources. Valinor makes up for lost time in the fight against climate change by looking to solar and wind power production on land and at sea.<\/span>[\/vc_column_text][\/vc_column_inner][\/vc_row_inner][\/vc_column][\/vc_row][vc_row content_placement=&#8221;middle&#8221; css=&#8221;.vc_custom_1558616631255{background-color: #142236 !important;}&#8221;][vc_column][vc_row_inner el_class=&#8221;container mx-auto&#8221;][vc_column_inner width=&#8221;1\/2&#8243;][vc_single_image image=&#8221;653&#8243; img_size=&#8221;full&#8221; alignment=&#8221;right&#8221; css=&#8221;.vc_custom_1558610774628{margin-bottom: 3px !important;}&#8221;][\/vc_column_inner][vc_column_inner el_class=&#8221;white-text&#8221; width=&#8221;1\/2&#8243;][vc_column_text]The underlying structures that facilitate an efficient and comfortable everyday life need to be improved to ensure quality of life in an uncertain future. <span style=\"font-weight: 400;\">Therefore, we develop and invest in technology that responds to society&#8217;s<\/span> future challenges.<\/p>\n<p><span style=\"font-weight: 400;\">Valinor believes in a future where infrastructure is redefined to deliver prosperity \u2013 by including digitalization, electrical infrastructure, mobility, use of materials and manufacturing. Valinor invests in technology that will help us, give us new opportunities, build trust, bring people together and form the basis of a prosperous future.<\/span>[\/vc_column_text][\/vc_column_inner][\/vc_row_inner][\/vc_column][\/vc_row][vc_row content_placement=&#8221;middle&#8221; css=&#8221;.vc_custom_1558616636022{background-color: #142236 !important;}&#8221;][vc_column][vc_row_inner el_class=&#8221;container mx-auto&#8221;][vc_column_inner width=&#8221;1\/2&#8243;][vc_single_image image=&#8221;654&#8243; img_size=&#8221;full&#8221; alignment=&#8221;right&#8221; css=&#8221;.vc_custom_1558610795020{margin-bottom: 3px !important;}&#8221;][\/vc_column_inner][vc_column_inner el_class=&#8221;white-text&#8221; width=&#8221;1\/2&#8243;][vc_column_text]<span style=\"font-weight: 400;\">Climate change already affects food production on land due to increased severity of natural disasters such as floods and droughts. In a world with an ever-increasing population and living standards, we need to make full use of the ocean&#8217;s resource potential in a sustainable way to ensure predictable food production. <\/span><\/p>\n<p><span style=\"font-weight: 400;\">Investing in innovative solutions that open up new areas for environmentally friendly food production, Valinor aims to secure the oceans ecosystem while simultaneously providing nutritious food. Valinor is actively involved in companies developing closed systems, solutions for reuse of existing infrastructure and technology allowing for offshore fish farms. The ocean is a key factor to ensuring a sustainable legacy.<\/span>[\/vc_column_text][\/vc_column_inner][\/vc_row_inner][\/vc_column][\/vc_row][vc_row disable_element=&#8221;yes&#8221; css=&#8221;.vc_custom_1558609450334{background-image: url(https:\/\/valinor.no\/wp-content\/uploads\/2019\/04\/section-image.jpg?id=84) !important;}&#8221; el_class=&#8221;second-section&#8221;][vc_column][vc_row_inner el_class=&#8221;container mx-auto&#8221;][vc_column_inner width=&#8221;1\/2&#8243;][vc_column_text]<\/p>\n<h1>Norwegian Renewable Fund<\/h1>\n<p>[\/vc_column_text][\/vc_column_inner][vc_column_inner width=&#8221;1\/2&#8243;][vc_column_text]<\/p>\n<h4>Vi skaper b\u00e6rekraftige verdier<\/h4>\n<p>\u00d8kende energiforbruk, befolkningsvekst og \u00f8konomisk utvikling i land som Kina og India betyr at behovet for energiproduksjon og b\u00e6rekraftige l\u00f8sninger vil \u00f8ke betraktelig med tiden.<\/p>\n<p>Mer samarbeid er n\u00f8dvendig for \u00e5 skape betydelige b\u00e6rekraftige produkter og tjenester. Bli med i v\u00e5rt globale investeringsfond som finansierer, bygger og drifter b\u00e6rekraftige og globale prosjekter innen fornybar energi.[\/vc_column_text][vc_btn title=&#8221;Investment&#8221; color=&#8221;vista-blue&#8221; link=&#8221;url:https%3A%2F%2Fvalinor.no%2Fen%2Fportfolio%2F%3Flang%3Den|&#8221;][\/vc_column_inner][\/vc_row_inner][\/vc_column][\/vc_row]<\/p>\n<\/div>","protected":false},"excerpt":{"rendered":"<p>[vc_row content_placement=&#8221;middle&#8221; el_class=&#8221;what-we-do-first&#8221;][vc_column][vc_row_inner el_class=&#8221;container mx-auto&#8221;][vc_column_inner width=&#8221;7\/12&#8243;][vc_column_text css=&#8221;.vc_custom_1558949824803{margin-bottom: 45px !important;}&#8221;] Creating a sustainable legacy [\/vc_column_text][vc_column_text css=&#8221;.vc_custom_1648312643349{margin-bottom: 50px !important;}&#8221;]Valinor makes early-stage investments in cutting-edge companies to enable solutions for tomorrow. With a focused and long-term portfolio within renewable energy, infrastructure and aquaculture new synergies are created which accelerate the development for a sustainable future. Together we cheer [&hellip;]<\/p>\n","protected":false},"author":4,"featured_media":0,"parent":0,"menu_order":0,"comment_status":"closed","ping_status":"closed","template":"","meta":{"_acf_changed":false,"footnotes":""},"class_list":["post-761","page","type-page","status-publish","hentry"],"acf":[],"_links":{"self":[{"href":"https:\/\/valinor.no\/en\/wp-json\/wp\/v2\/pages\/761","targetHints":{"allow":["GET"]}}],"collection":[{"href":"https:\/\/valinor.no\/en\/wp-json\/wp\/v2\/pages"}],"about":[{"href":"https:\/\/valinor.no\/en\/wp-json\/wp\/v2\/types\/page"}],"author":[{"embeddable":true,"href":"https:\/\/valinor.no\/en\/wp-json\/wp\/v2\/users\/4"}],"replies":[{"embeddable":true,"href":"https:\/\/valinor.no\/en\/wp-json\/wp\/v2\/comments?post=761"}],"version-history":[{"count":0,"href":"https:\/\/valinor.no\/en\/wp-json\/wp\/v2\/pages\/761\/revisions"}],"wp:attachment":[{"href":"https:\/\/valinor.no\/en\/wp-json\/wp\/v2\/media?parent=761"}],"curies":[{"name":"wp","href":"https:\/\/api.w.org\/{rel}","templated":true}]}}